{"id":237,"date":"2023-10-10T10:53:58","date_gmt":"2023-10-10T07:53:58","guid":{"rendered":"http:\/\/talyasystems.com\/?page_id=237"},"modified":"2023-11-23T10:45:49","modified_gmt":"2023-11-23T10:45:49","slug":"references","status":"publish","type":"page","link":"https:\/\/talyasystems.com\/fr\/references\/","title":{"rendered":"Les References"},"content":{"rendered":"\n<div class=\"wp-block-columns ref-map container is-layout-flex wp-container-core-columns-is-layout-9d6595d7 wp-block-columns-is-layout-flex\">\n<div class=\"wp-block-column is-layout-flow wp-block-column-is-layout-flow\" style=\"flex-basis:40%\">\n<div class=\"wp-block-group default-page-title\"><div class=\"wp-block-group__inner-container is-layout-constrained wp-block-group-is-layout-constrained\">\n<p class=\"subtitle\">QUI-SOMMES NOUS?<\/p>\n\n\n\n<p class=\"title\">NOUS CR\u00c9ONS DES ESPACES, <br>NOUS S&rsquo;UN\u0130SSONS DES MONDES<\/p>\n\n\n\n<p>Nos r\u00e9f\u00e9rences sont le reflet de nos projets r\u00e9ussis. Le retour d&rsquo;information de nos clients est pour nous la cl\u00e9 d&rsquo;une am\u00e9lioration continue.<\/p>\n\n\n\n<p>Nous nous effor\u00e7ons de vous fournir le meilleur service possible et nous nous r\u00e9jouissons d&rsquo;\u00e9crire de nouvelles histoires \u00e0 succ\u00e8s \u00e0 l&rsquo;avenir.<\/p>\n<\/div><\/div>\n<\/div>\n\n\n\n<div class=\"wp-block-column is-layout-flow wp-block-column-is-layout-flow\" style=\"flex-basis:60%\">\n<figure class=\"wp-block-image size-full\"><img decoding=\"async\" src=\"http:\/\/talyasystems.com\/fr\/wp-content\/uploads\/sites\/2\/2023\/11\/harita_fr-1.svg\" alt=\"\" class=\"wp-image-982\"\/><\/figure>\n<\/div>\n<\/div>\n\n\n\n<div class=\"wp-block-group ref-gallery container is-vertical is-layout-flex wp-container-core-group-is-layout-8cf370e7 wp-block-group-is-layout-flex\">\n<div class=\"wp-block-group default-page-title\"><div class=\"wp-block-group__inner-container is-layout-constrained wp-block-group-is-layout-constrained\">\n<p class=\"subtitle\"><strong><strong>LES REFERENCES<\/strong><\/strong><\/p>\n\n\n\n<p>QUALIT\u00c9<br>AU DEL\u00c0 DES FRONTI\u00c8RES<\/p>\n<\/div><\/div>\n\n\n\n<div class=\"wp-block-group gallery is-layout-flex wp-block-group-is-layout-flex\">\n<figure class=\"wp-block-image size-full\"><img loading=\"lazy\" decoding=\"async\" width=\"736\" height=\"540\" src=\"http:\/\/talyasystems.com\/wp-content\/uploads\/2023\/10\/berlin.jpg\" alt=\"\" class=\"wp-image-248\" srcset=\"https:\/\/talyasystems.com\/fr\/wp-content\/uploads\/sites\/2\/2023\/10\/berlin.jpg 736w, https:\/\/talyasystems.com\/fr\/wp-content\/uploads\/sites\/2\/2023\/10\/berlin-300x220.jpg 300w\" sizes=\"auto, (max-width: 736px) 100vw, 736px\" \/><figcaption class=\"wp-element-caption\"><strong>BERLIN \/ ALLEMAGNE<\/strong><em><img loading=\"lazy\" decoding=\"async\" width=\"53\" height=\"55\" class=\"wp-image-261\" style=\"width: 53px\" src=\"http:\/\/talyasystems.com\/wp-content\/uploads\/2023\/10\/kapi.svg\" alt=\"\"><img loading=\"lazy\" decoding=\"async\" width=\"54\" height=\"55\" class=\"wp-image-263\" style=\"width: 54px\" src=\"http:\/\/talyasystems.com\/wp-content\/uploads\/2023\/10\/pencere.svg\" alt=\"\"><img loading=\"lazy\" decoding=\"async\" width=\"46\" height=\"51\" class=\"wp-image-262\" style=\"width: 46px\" src=\"http:\/\/talyasystems.com\/wp-content\/uploads\/2023\/10\/slide.svg\" alt=\"\"><\/em><\/figcaption><\/figure>\n\n\n\n<figure class=\"wp-block-image size-full\"><img loading=\"lazy\" decoding=\"async\" width=\"536\" height=\"540\" src=\"http:\/\/talyasystems.com\/wp-content\/uploads\/2023\/10\/fransa-img.jpg\" alt=\"\" class=\"wp-image-249\" srcset=\"https:\/\/talyasystems.com\/fr\/wp-content\/uploads\/sites\/2\/2023\/10\/fransa-img.jpg 536w, https:\/\/talyasystems.com\/fr\/wp-content\/uploads\/sites\/2\/2023\/10\/fransa-img-298x300.jpg 298w, https:\/\/talyasystems.com\/fr\/wp-content\/uploads\/sites\/2\/2023\/10\/fransa-img-150x150.jpg 150w\" sizes=\"auto, (max-width: 536px) 100vw, 536px\" \/><\/figure>\n\n\n\n<figure class=\"wp-block-image size-full\"><img loading=\"lazy\" decoding=\"async\" width=\"424\" height=\"540\" src=\"http:\/\/talyasystems.com\/wp-content\/uploads\/2023\/10\/Lower-Saxony.jpg\" alt=\"\" class=\"wp-image-250\" srcset=\"https:\/\/talyasystems.com\/fr\/wp-content\/uploads\/sites\/2\/2023\/10\/Lower-Saxony.jpg 424w, https:\/\/talyasystems.com\/fr\/wp-content\/uploads\/sites\/2\/2023\/10\/Lower-Saxony-236x300.jpg 236w\" sizes=\"auto, (max-width: 424px) 100vw, 424px\" \/><\/figure>\n\n\n\n<figure class=\"wp-block-image size-full\"><img loading=\"lazy\" decoding=\"async\" width=\"856\" height=\"540\" src=\"http:\/\/talyasystems.com\/wp-content\/uploads\/2023\/10\/hessen.jpg\" alt=\"\" class=\"wp-image-251\" srcset=\"https:\/\/talyasystems.com\/fr\/wp-content\/uploads\/sites\/2\/2023\/10\/hessen.jpg 856w, https:\/\/talyasystems.com\/fr\/wp-content\/uploads\/sites\/2\/2023\/10\/hessen-300x189.jpg 300w, https:\/\/talyasystems.com\/fr\/wp-content\/uploads\/sites\/2\/2023\/10\/hessen-768x484.jpg 768w\" sizes=\"auto, (max-width: 856px) 100vw, 856px\" \/><\/figure>\n\n\n\n<figure class=\"wp-block-image size-full\"><img loading=\"lazy\" decoding=\"async\" width=\"424\" height=\"540\" src=\"http:\/\/talyasystems.com\/wp-content\/uploads\/2023\/10\/Netherlands.jpg\" alt=\"\" class=\"wp-image-252\" srcset=\"https:\/\/talyasystems.com\/fr\/wp-content\/uploads\/sites\/2\/2023\/10\/Netherlands.jpg 424w, https:\/\/talyasystems.com\/fr\/wp-content\/uploads\/sites\/2\/2023\/10\/Netherlands-236x300.jpg 236w\" sizes=\"auto, (max-width: 424px) 100vw, 424px\" \/><\/figure>\n\n\n\n<figure class=\"wp-block-image size-full\"><img loading=\"lazy\" decoding=\"async\" width=\"408\" height=\"540\" src=\"http:\/\/talyasystems.com\/wp-content\/uploads\/2023\/10\/North-Rhine-Westphalia.jpg\" alt=\"\" class=\"wp-image-253\" srcset=\"https:\/\/talyasystems.com\/fr\/wp-content\/uploads\/sites\/2\/2023\/10\/North-Rhine-Westphalia.jpg 408w, https:\/\/talyasystems.com\/fr\/wp-content\/uploads\/sites\/2\/2023\/10\/North-Rhine-Westphalia-227x300.jpg 227w\" sizes=\"auto, (max-width: 408px) 100vw, 408px\" \/><\/figure>\n\n\n\n<figure class=\"wp-block-image size-full\"><img loading=\"lazy\" decoding=\"async\" width=\"408\" height=\"540\" src=\"http:\/\/talyasystems.com\/wp-content\/uploads\/2023\/10\/Paderborn-North-Rhine-Westphalia.jpg\" alt=\"\" class=\"wp-image-254\" srcset=\"https:\/\/talyasystems.com\/fr\/wp-content\/uploads\/sites\/2\/2023\/10\/Paderborn-North-Rhine-Westphalia.jpg 408w, https:\/\/talyasystems.com\/fr\/wp-content\/uploads\/sites\/2\/2023\/10\/Paderborn-North-Rhine-Westphalia-227x300.jpg 227w\" sizes=\"auto, (max-width: 408px) 100vw, 408px\" \/><\/figure>\n<\/div>\n<\/div>\n","protected":false},"excerpt":{"rendered":"<p>QUI-SOMMES NOUS? NOUS CR\u00c9ONS DES ESPACES, NOUS S&rsquo;UN\u0130SSONS DES MONDES Nos r\u00e9f\u00e9rences sont le reflet de nos projets r\u00e9ussis. Le retour d&rsquo;information de nos clients est pour nous la cl\u00e9 d&rsquo;une am\u00e9lioration continue. Nous nous effor\u00e7ons de vous fournir le meilleur service possible et nous nous r\u00e9jouissons d&rsquo;\u00e9crire de nouvelles histoires \u00e0 succ\u00e8s \u00e0 l&rsquo;avenir. [&hellip;]<\/p>\n","protected":false},"author":1,"featured_media":0,"parent":0,"menu_order":0,"comment_status":"closed","ping_status":"closed","template":"","meta":{"inline_featured_image":false,"footnotes":""},"class_list":["post-237","page","type-page","status-publish","hentry"],"_links":{"self":[{"href":"https:\/\/talyasystems.com\/fr\/wp-json\/wp\/v2\/pages\/237","targetHints":{"allow":["GET"]}}],"collection":[{"href":"https:\/\/talyasystems.com\/fr\/wp-json\/wp\/v2\/pages"}],"about":[{"href":"https:\/\/talyasystems.com\/fr\/wp-json\/wp\/v2\/types\/page"}],"author":[{"embeddable":true,"href":"https:\/\/talyasystems.com\/fr\/wp-json\/wp\/v2\/users\/1"}],"replies":[{"embeddable":true,"href":"https:\/\/talyasystems.com\/fr\/wp-json\/wp\/v2\/comments?post=237"}],"version-history":[{"count":5,"href":"https:\/\/talyasystems.com\/fr\/wp-json\/wp\/v2\/pages\/237\/revisions"}],"predecessor-version":[{"id":994,"href":"https:\/\/talyasystems.com\/fr\/wp-json\/wp\/v2\/pages\/237\/revisions\/994"}],"wp:attachment":[{"href":"https:\/\/talyasystems.com\/fr\/wp-json\/wp\/v2\/media?parent=237"}],"curies":[{"name":"wp","href":"https:\/\/api.w.org\/{rel}","templated":true}]}}