{"id":191,"date":"2023-10-09T16:26:09","date_gmt":"2023-10-09T13:26:09","guid":{"rendered":"http:\/\/talyasystems.com\/?page_id=191"},"modified":"2023-11-23T08:32:33","modified_gmt":"2023-11-23T08:32:33","slug":"documentation","status":"publish","type":"page","link":"https:\/\/talyasystems.com\/fr\/documentation\/","title":{"rendered":"Documentation"},"content":{"rendered":"\n<div class=\"wp-block-group docu-page container\"><div class=\"wp-block-group__inner-container is-layout-constrained wp-block-group-is-layout-constrained\">\n<div class=\"wp-block-group default-page-title\"><div class=\"wp-block-group__inner-container is-layout-constrained wp-block-group-is-layout-constrained\">\n<p class=\"subtitle\"><strong>O\u00d9 SOMMES-NOUS?<\/strong><\/p>\n\n\n\n<p class=\"title\">NOUS CR\u00c9ONS DES ESPACES,<br>NOUS S&rsquo;UN\u0130SSONS DES MONDES<\/p>\n<\/div><\/div>\n\n\n\n<figure class=\"wp-block-table\"><table><tbody><tr><td>Syst\u00e8mes de Fen\u00eatres<\/td><td class=\"has-text-align-center\" data-align=\"center\"><a href=\"http:\/\/talyasystems.com\/wp-content\/uploads\/2023\/11\/talya_katalog_web.pdf\" data-type=\"link\" data-id=\"http:\/\/talyasystems.com\/wp-content\/uploads\/2023\/11\/talya_katalog_web.pdf\"><img loading=\"lazy\" decoding=\"async\" width=\"21\" height=\"29\" class=\"wp-image-197\" style=\"width: NaNpx\" src=\"http:\/\/talyasystems.com\/wp-content\/uploads\/2023\/10\/download.svg\" alt=\"\"><\/a><\/td><\/tr><tr><td>Syst\u00e8mes de Portes d&rsquo;Entr\u00e9e<\/td><td class=\"has-text-align-center\" data-align=\"center\"><a href=\"http:\/\/talyasystems.com\/wp-content\/uploads\/2023\/11\/talya_katalog_web.pdf\" data-type=\"link\" data-id=\"http:\/\/talyasystems.com\/wp-content\/uploads\/2023\/11\/talya_katalog_web.pdf\"><img loading=\"lazy\" decoding=\"async\" width=\"21\" height=\"29\" class=\"wp-image-197\" style=\"width: NaNpx\" src=\"http:\/\/talyasystems.com\/wp-content\/uploads\/2023\/10\/download.svg\" alt=\"\"><\/a><\/td><\/tr><tr><td>Syst\u00e8mes Coulissants<\/td><td class=\"has-text-align-center\" data-align=\"center\"><a href=\"http:\/\/talyasystems.com\/wp-content\/uploads\/2023\/11\/talya_katalog_web.pdf\" data-type=\"link\" data-id=\"http:\/\/talyasystems.com\/wp-content\/uploads\/2023\/11\/talya_katalog_web.pdf\"><img loading=\"lazy\" decoding=\"async\" width=\"21\" height=\"29\" class=\"wp-image-197\" style=\"width: NaNpx\" src=\"http:\/\/talyasystems.com\/wp-content\/uploads\/2023\/10\/download.svg\" alt=\"\"><\/a><\/td><\/tr><tr><td>Syst\u00e8mes Volets Roulants<\/td><td class=\"has-text-align-center\" data-align=\"center\"><a href=\"http:\/\/talyasystems.com\/wp-content\/uploads\/2023\/11\/talya_katalog_web.pdf\" data-type=\"link\" data-id=\"http:\/\/talyasystems.com\/wp-content\/uploads\/2023\/11\/talya_katalog_web.pdf\"><img loading=\"lazy\" decoding=\"async\" width=\"21\" height=\"29\" class=\"wp-image-197\" style=\"width: NaNpx\" src=\"http:\/\/talyasystems.com\/wp-content\/uploads\/2023\/10\/download.svg\" alt=\"\"><\/a><\/td><\/tr><tr><td>Syst\u00e8mes de Verre<\/td><td class=\"has-text-align-center\" data-align=\"center\"><a href=\"http:\/\/talyasystems.com\/wp-content\/uploads\/2023\/11\/talya_katalog_web.pdf\" data-type=\"link\" data-id=\"http:\/\/talyasystems.com\/wp-content\/uploads\/2023\/11\/talya_katalog_web.pdf\"><img loading=\"lazy\" decoding=\"async\" width=\"21\" height=\"29\" class=\"wp-image-197\" style=\"width: NaNpx\" src=\"http:\/\/talyasystems.com\/wp-content\/uploads\/2023\/10\/download.svg\" alt=\"\"><\/a><\/td><\/tr><tr><td>Syst\u00e8mes de Fa\u00e7ade<\/td><td class=\"has-text-align-center\" data-align=\"center\"><a href=\"http:\/\/talyasystems.com\/wp-content\/uploads\/2023\/11\/talya_katalog_web.pdf\" data-type=\"link\" data-id=\"http:\/\/talyasystems.com\/wp-content\/uploads\/2023\/11\/talya_katalog_web.pdf\"><img loading=\"lazy\" decoding=\"async\" width=\"21\" height=\"29\" class=\"wp-image-197\" style=\"width: NaNpx\" src=\"http:\/\/talyasystems.com\/wp-content\/uploads\/2023\/10\/download.svg\" alt=\"\"><\/a><\/td><\/tr><tr><td>Autres Syst\u00e8mes<\/td><td class=\"has-text-align-center\" data-align=\"center\"><a href=\"http:\/\/talyasystems.com\/wp-content\/uploads\/2023\/11\/talya_katalog_web.pdf\" data-type=\"link\" data-id=\"http:\/\/talyasystems.com\/wp-content\/uploads\/2023\/11\/talya_katalog_web.pdf\"><img loading=\"lazy\" decoding=\"async\" width=\"21\" height=\"29\" class=\"wp-image-197\" style=\"width: NaNpx\" src=\"http:\/\/talyasystems.com\/wp-content\/uploads\/2023\/10\/download.svg\" alt=\"\"><\/a><\/td><\/tr><\/tbody><\/table><\/figure>\n<\/div><\/div>\n","protected":false},"excerpt":{"rendered":"<p>O\u00d9 SOMMES-NOUS? NOUS CR\u00c9ONS DES ESPACES,NOUS S&rsquo;UN\u0130SSONS DES MONDES Syst\u00e8mes de Fen\u00eatres Syst\u00e8mes de Portes d&rsquo;Entr\u00e9e Syst\u00e8mes Coulissants Syst\u00e8mes Volets Roulants Syst\u00e8mes de Verre Syst\u00e8mes de Fa\u00e7ade Autres Syst\u00e8mes<\/p>\n","protected":false},"author":1,"featured_media":0,"parent":0,"menu_order":0,"comment_status":"closed","ping_status":"closed","template":"","meta":{"inline_featured_image":false,"footnotes":""},"class_list":["post-191","page","type-page","status-publish","hentry"],"_links":{"self":[{"href":"https:\/\/talyasystems.com\/fr\/wp-json\/wp\/v2\/pages\/191","targetHints":{"allow":["GET"]}}],"collection":[{"href":"https:\/\/talyasystems.com\/fr\/wp-json\/wp\/v2\/pages"}],"about":[{"href":"https:\/\/talyasystems.com\/fr\/wp-json\/wp\/v2\/types\/page"}],"author":[{"embeddable":true,"href":"https:\/\/talyasystems.com\/fr\/wp-json\/wp\/v2\/users\/1"}],"replies":[{"embeddable":true,"href":"https:\/\/talyasystems.com\/fr\/wp-json\/wp\/v2\/comments?post=191"}],"version-history":[{"count":3,"href":"https:\/\/talyasystems.com\/fr\/wp-json\/wp\/v2\/pages\/191\/revisions"}],"predecessor-version":[{"id":985,"href":"https:\/\/talyasystems.com\/fr\/wp-json\/wp\/v2\/pages\/191\/revisions\/985"}],"wp:attachment":[{"href":"https:\/\/talyasystems.com\/fr\/wp-json\/wp\/v2\/media?parent=191"}],"curies":[{"name":"wp","href":"https:\/\/api.w.org\/{rel}","templated":true}]}}