{"id":131,"date":"2023-10-09T08:59:44","date_gmt":"2023-10-09T05:59:44","guid":{"rendered":"http:\/\/talyasystems.com\/?page_id=131"},"modified":"2023-11-23T10:46:57","modified_gmt":"2023-11-23T10:46:57","slug":"corporate","status":"publish","type":"page","link":"https:\/\/talyasystems.com\/fr\/corporate\/","title":{"rendered":"Entreprise"},"content":{"rendered":"\n<section class=\"wp-block-group corp-header\"><div class=\"wp-block-group__inner-container is-layout-constrained wp-block-group-is-layout-constrained\">\n<div class=\"wp-block-group container is-vertical is-content-justification-left is-layout-flex wp-container-core-group-is-layout-0d4b66b7 wp-block-group-is-layout-flex\">\n<div class=\"wp-block-group box is-vertical is-layout-flex wp-container-core-group-is-layout-8cf370e7 wp-block-group-is-layout-flex\">\n<p class=\"subtitle\"><strong>QUI-SOMMES NOUS?<\/strong><\/p>\n\n\n\n<p class=\"title\">Nous sommes \u00e0 votre service avec 15 ans d&rsquo;exp\u00e9rience dans le secteur.<\/p>\n<\/div>\n\n\n\n<div class=\"wp-block-group box is-vertical is-layout-flex wp-container-core-group-is-layout-8cf370e7 wp-block-group-is-layout-flex\">\n<p>Avec 15 ans d&rsquo;\u00e9xperience dans le secteur, nous offrons des syst\u00e8mes de construction e la plus haute qualit\u00e9 \u00e0 des prix abordables. La qualit\u00e9, la livraison rapide et la satisfaction du client sont nos priorit\u00e9s en mati\u00e8re de fen\u00eatres, portes, coulissants, volets roulants, verre, fa\u00e7ades et autres.<\/p>\n<\/div>\n<\/div>\n<\/div><\/section>\n\n\n\n<section class=\"wp-block-group corp-who container\"><div class=\"wp-block-group__inner-container is-layout-constrained wp-block-group-is-layout-constrained\">\n<div class=\"wp-block-group text\"><div class=\"wp-block-group__inner-container is-layout-constrained wp-block-group-is-layout-constrained\">\n<p>QUI-SOMMES <br>NOUS?<\/p>\n<\/div><\/div>\n\n\n\n<div class=\"wp-block-group box\"><div class=\"wp-block-group__inner-container is-layout-constrained wp-block-group-is-layout-constrained\">\n<figure class=\"wp-block-image size-full\"><img loading=\"lazy\" decoding=\"async\" width=\"50\" height=\"50\" src=\"http:\/\/talyasystems.com\/wp-content\/uploads\/2023\/10\/tech.svg\" alt=\"\" class=\"wp-image-143\"\/><\/figure>\n\n\n\n<p><strong><strong>Notre \u00c9quipe d&rsquo;Experts<\/strong><\/strong><\/p>\n\n\n\n<p>Notre l&rsquo;\u00e9quipe experts et notre \u00e9quipe sur le terrain vous offrent un service de qualit\u00e9 sup\u00e9rieure gr\u00e2ce \u00e0 leurs connaissances et \u00e0 leur exp\u00e9rience dans leurs propres secteurs<\/p>\n<\/div><\/div>\n\n\n\n<div class=\"wp-block-group box\"><div class=\"wp-block-group__inner-container is-layout-constrained wp-block-group-is-layout-constrained\">\n<figure class=\"wp-block-image size-full\"><img loading=\"lazy\" decoding=\"async\" width=\"53\" height=\"39\" src=\"http:\/\/talyasystems.com\/wp-content\/uploads\/2023\/10\/prof.svg\" alt=\"\" class=\"wp-image-145\"\/><\/figure>\n\n\n\n<p><strong><strong>\u00c9quipe Professionnel<\/strong><\/strong><\/p>\n\n\n\n<p>Nous travaillons avec une \u00e9quipe de 5 ing\u00e9nieurs, 2 architectes, 4 experts en marketing international et 20 employ\u00e9s experiment\u00e9s.<\/p>\n<\/div><\/div>\n\n\n\n<div class=\"wp-block-group box\"><div class=\"wp-block-group__inner-container is-layout-constrained wp-block-group-is-layout-constrained\">\n<figure class=\"wp-block-image size-full\"><img loading=\"lazy\" decoding=\"async\" width=\"51\" height=\"51\" src=\"http:\/\/talyasystems.com\/wp-content\/uploads\/2023\/10\/custom.svg\" alt=\"\" class=\"wp-image-148\"\/><\/figure>\n\n\n\n<p><strong><strong>Concept\u0131ons Personal\u0131s\u00e9es<\/strong><\/strong><\/p>\n\n\n\n<p>Notre \u00e9quipe de conception comprend bien les besoins et les exigences de nos clients. Elle propose des solutions personnalis\u00e9es pour am\u00e9liorer l&rsquo;apparence et la fonctionnalit\u00e9 de vos maisons ou de vos entreprises.<\/p>\n<\/div><\/div>\n\n\n\n<div class=\"wp-block-group box\"><div class=\"wp-block-group__inner-container is-layout-constrained wp-block-group-is-layout-constrained\">\n<figure class=\"wp-block-image size-full\"><img loading=\"lazy\" decoding=\"async\" width=\"48\" height=\"50\" src=\"http:\/\/talyasystems.com\/wp-content\/uploads\/2023\/10\/expert.svg\" alt=\"\" class=\"wp-image-149\"\/><\/figure>\n\n\n\n<p><strong>\u00c9quipe d&rsquo;experts<\/strong><\/p>\n\n\n\n<p>Nos experts et nos \u00e9quipes sur le terrain vous offrent un service de qualit\u00e9 sup\u00e9rieure gr\u00e2ce \u00e0 leurs connaissances approfondies et \u00e0 leur exp\u00e9rience dans leur propre secteur.<\/p>\n<\/div><\/div>\n\n\n\n<div class=\"wp-block-group box\"><div class=\"wp-block-group__inner-container is-layout-constrained wp-block-group-is-layout-constrained\">\n<figure class=\"wp-block-image size-full\"><img loading=\"lazy\" decoding=\"async\" width=\"50\" height=\"50\" src=\"http:\/\/talyasystems.com\/wp-content\/uploads\/2023\/10\/latest.svg\" alt=\"\" class=\"wp-image-151\"\/><\/figure>\n\n\n\n<p><strong><strong>Parc de Machines de Derni\u00e8re Technologie<\/strong><\/strong><\/p>\n\n\n\n<p>Gr\u00e2ce \u00e0 nos machines et \u00e0 notre infrastructure, nous fabriquons nos produits conform\u00e9ment `a des normes de qualit\u00e9 \u00e9lev\u00e9es et offrons \u00e0 nos clients des produits fiables et durables. (state-of-the-art nas\u0131l \u00e7evrilir hen\u00fcz karar veremedim)<\/p>\n<\/div><\/div>\n\n\n\n<div class=\"wp-block-group box\"><div class=\"wp-block-group__inner-container is-layout-constrained wp-block-group-is-layout-constrained\">\n<figure class=\"wp-block-image size-full\"><img loading=\"lazy\" decoding=\"async\" width=\"37\" height=\"50\" src=\"http:\/\/talyasystems.com\/wp-content\/uploads\/2023\/10\/quality.svg\" alt=\"\" class=\"wp-image-153\"\/><\/figure>\n\n\n\n<p><strong><strong>Produits Ax\u00e9s Sur la Qualit\u00e9<\/strong><\/strong><\/p>\n\n\n\n<p>Notre objectif est de fournir \u00e0 nos clients des produits de la haute qualit\u00e9 et de r\u00e9pondre \u00e0 leurs attentes.<\/p>\n<\/div><\/div>\n\n\n\n<div class=\"wp-block-group box\"><div class=\"wp-block-group__inner-container is-layout-constrained wp-block-group-is-layout-constrained\">\n<figure class=\"wp-block-image size-full\"><img loading=\"lazy\" decoding=\"async\" width=\"45\" height=\"45\" src=\"http:\/\/talyasystems.com\/wp-content\/uploads\/2023\/10\/prof-1.svg\" alt=\"\" class=\"wp-image-154\"\/><\/figure>\n\n\n\n<p><strong><strong>Installation et Mantenance Professionelle<\/strong><\/strong><\/p>\n\n\n\n<p>Nous proposons \u00e0 nos clients l&rsquo;installation professionelle de nos produits. Nous fournissons \u00e9galement une assistance pour l&rsquo;entretien et la r\u00e9parationn de nos produits.<\/p>\n<\/div><\/div>\n\n\n\n<div class=\"wp-block-group box\"><div class=\"wp-block-group__inner-container is-layout-constrained wp-block-group-is-layout-constrained\">\n<figure class=\"wp-block-image size-full\"><img loading=\"lazy\" decoding=\"async\" width=\"50\" height=\"48\" src=\"http:\/\/talyasystems.com\/wp-content\/uploads\/2023\/10\/high.svg\" alt=\"\" class=\"wp-image-155\"\/><\/figure>\n\n\n\n<p><strong><strong>Durabilit\u00e9 \u00c9lev\u00e9e et \u00c9conomies d&rsquo;\u00c9nergie<\/strong><\/strong><\/p>\n\n\n\n<p>Nos produits sont fabriqu\u00e9s \u00e0 partir de mat\u00e9riaux de la meilleure qualit\u00e9 et \u00e0 l&rsquo;aide des technologies de production plus r\u00e9centes. Cela garantit une grande durabilit\u00e9 et une longue dur\u00e9e de vie de nos produits. Ils vous permettent \u00e9galement d&rsquo;\u00e9conomiser de l&rsquo;\u00e9nergie.<\/p>\n<\/div><\/div>\n\n\n\n<div class=\"wp-block-group box\"><div class=\"wp-block-group__inner-container is-layout-constrained wp-block-group-is-layout-constrained\">\n<figure class=\"wp-block-image size-full\"><img loading=\"lazy\" decoding=\"async\" width=\"50\" height=\"50\" src=\"http:\/\/talyasystems.com\/wp-content\/uploads\/2023\/10\/customer.svg\" alt=\"\" class=\"wp-image-156\"\/><\/figure>\n\n\n\n<p><strong><strong>Principe du Service Orient\u00e9 Vers le Client<\/strong><\/strong><\/p>\n\n\n\n<p>La satisfaction du client est notre priorit\u00e9 absolur. Nous nous effor\u00e7ons de fournir un excellent service \u00e0 la client\u00e8le en m\u00eame temps que nos produits de haute qualit\u00e9.<\/p>\n<\/div><\/div>\n<\/div><\/section>\n\n\n\n<section class=\"wp-block-group corp-offer\"><div class=\"wp-block-group__inner-container is-layout-constrained wp-block-group-is-layout-constrained\">\n<div class=\"wp-block-group container is-content-justification-space-between is-nowrap is-layout-flex wp-container-core-group-is-layout-0dfbf163 wp-block-group-is-layout-flex\">\n<h3 class=\"wp-block-heading\"><strong>QUE PROPOSONS-NOUS?<\/strong><\/h3>\n\n\n\n<div class=\"wp-block-group items is-nowrap is-layout-flex wp-container-core-group-is-layout-d653275e wp-block-group-is-layout-flex\">\n<div class=\"wp-block-group box\"><div class=\"wp-block-group__inner-container is-layout-constrained wp-block-group-is-layout-constrained\">\n<p>+15 Ans d&rsquo;\u00c9xperience Dans le Secteur<\/p>\n<\/div><\/div>\n\n\n\n<div class=\"wp-block-group box\"><div class=\"wp-block-group__inner-container is-layout-constrained wp-block-group-is-layout-constrained\">\n<p>Exportation Vers +8 Pays<\/p>\n<\/div><\/div>\n\n\n\n<div class=\"wp-block-group box\"><div class=\"wp-block-group__inner-container is-layout-constrained wp-block-group-is-layout-constrained\">\n<p>+300 Projets Termin\u00e9s<\/p>\n<\/div><\/div>\n\n\n\n<div class=\"wp-block-group box\"><div class=\"wp-block-group__inner-container is-layout-constrained wp-block-group-is-layout-constrained\">\n<p>+40 Projets en Cours<\/p>\n<\/div><\/div>\n<\/div>\n<\/div>\n<\/div><\/section>\n\n\n\n<section class=\"wp-block-group corp-advantages container is-vertical is-content-justification-center is-layout-flex wp-container-core-group-is-layout-4b2eccd6 wp-block-group-is-layout-flex\">\n<h3 class=\"wp-block-heading has-text-align-center\"><strong>NOS AVANTAGES<\/strong><\/h3>\n\n\n\n<figure class=\"wp-block-gallery has-nested-images columns-4 is-cropped wp-block-gallery-1 is-layout-flex wp-block-gallery-is-layout-flex\">\n<figure class=\"wp-block-image size-large\"><img loading=\"lazy\" decoding=\"async\" width=\"312\" height=\"306\" data-id=\"181\" src=\"http:\/\/talyasystems.com\/wp-content\/uploads\/2023\/10\/Mask-group-7.jpg\" alt=\"\" class=\"wp-image-181\" srcset=\"https:\/\/talyasystems.com\/fr\/wp-content\/uploads\/sites\/2\/2023\/10\/Mask-group-7.jpg 312w, https:\/\/talyasystems.com\/fr\/wp-content\/uploads\/sites\/2\/2023\/10\/Mask-group-7-300x294.jpg 300w\" sizes=\"auto, (max-width: 312px) 100vw, 312px\" \/><figcaption class=\"wp-element-caption\">T\u00e9rmination Rapide<\/figcaption><\/figure>\n\n\n\n<figure class=\"wp-block-image size-large\"><img loading=\"lazy\" decoding=\"async\" width=\"312\" height=\"306\" data-id=\"184\" src=\"http:\/\/talyasystems.com\/wp-content\/uploads\/2023\/10\/Mask-group-3-1.jpg\" alt=\"\" class=\"wp-image-184\" srcset=\"https:\/\/talyasystems.com\/fr\/wp-content\/uploads\/sites\/2\/2023\/10\/Mask-group-3-1.jpg 312w, https:\/\/talyasystems.com\/fr\/wp-content\/uploads\/sites\/2\/2023\/10\/Mask-group-3-1-300x294.jpg 300w\" sizes=\"auto, (max-width: 312px) 100vw, 312px\" \/><figcaption class=\"wp-element-caption\">Stock Travail<\/figcaption><\/figure>\n\n\n\n<figure class=\"wp-block-image size-large\"><img loading=\"lazy\" decoding=\"async\" width=\"312\" height=\"306\" data-id=\"179\" src=\"http:\/\/talyasystems.com\/wp-content\/uploads\/2023\/10\/Mask-group-5.jpg\" alt=\"\" class=\"wp-image-179\" srcset=\"https:\/\/talyasystems.com\/fr\/wp-content\/uploads\/sites\/2\/2023\/10\/Mask-group-5.jpg 312w, https:\/\/talyasystems.com\/fr\/wp-content\/uploads\/sites\/2\/2023\/10\/Mask-group-5-300x294.jpg 300w\" sizes=\"auto, (max-width: 312px) 100vw, 312px\" \/><figcaption class=\"wp-element-caption\">Orientation Client 24\/7<\/figcaption><\/figure>\n\n\n\n<figure class=\"wp-block-image size-large\"><img loading=\"lazy\" decoding=\"async\" width=\"312\" height=\"306\" data-id=\"183\" src=\"http:\/\/talyasystems.com\/wp-content\/uploads\/2023\/10\/Mask-group-1-2.jpg\" alt=\"\" class=\"wp-image-183\" srcset=\"https:\/\/talyasystems.com\/fr\/wp-content\/uploads\/sites\/2\/2023\/10\/Mask-group-1-2.jpg 312w, https:\/\/talyasystems.com\/fr\/wp-content\/uploads\/sites\/2\/2023\/10\/Mask-group-1-2-300x294.jpg 300w\" sizes=\"auto, (max-width: 312px) 100vw, 312px\" \/><figcaption class=\"wp-element-caption\">Devis Rapide et Pr\u00e9cis<\/figcaption><\/figure>\n\n\n\n<figure class=\"wp-block-image size-large\"><img loading=\"lazy\" decoding=\"async\" width=\"312\" height=\"306\" data-id=\"180\" src=\"http:\/\/talyasystems.com\/wp-content\/uploads\/2023\/10\/Mask-group-6.jpg\" alt=\"\" class=\"wp-image-180\" srcset=\"https:\/\/talyasystems.com\/fr\/wp-content\/uploads\/sites\/2\/2023\/10\/Mask-group-6.jpg 312w, https:\/\/talyasystems.com\/fr\/wp-content\/uploads\/sites\/2\/2023\/10\/Mask-group-6-300x294.jpg 300w\" sizes=\"auto, (max-width: 312px) 100vw, 312px\" \/><figcaption class=\"wp-element-caption\">\u00c9quipe d&rsquo;Experts<\/figcaption><\/figure>\n\n\n\n<figure class=\"wp-block-image size-large\"><img loading=\"lazy\" decoding=\"async\" width=\"312\" height=\"306\" data-id=\"185\" src=\"http:\/\/talyasystems.com\/wp-content\/uploads\/2023\/10\/Mask-group-2-2.jpg\" alt=\"\" class=\"wp-image-185\" srcset=\"https:\/\/talyasystems.com\/fr\/wp-content\/uploads\/sites\/2\/2023\/10\/Mask-group-2-2.jpg 312w, https:\/\/talyasystems.com\/fr\/wp-content\/uploads\/sites\/2\/2023\/10\/Mask-group-2-2-300x294.jpg 300w\" sizes=\"auto, (max-width: 312px) 100vw, 312px\" \/><figcaption class=\"wp-element-caption\">\u00c9quipe d&rsquo;Assemblage Exp\u00e9riment\u00e9e<\/figcaption><\/figure>\n\n\n\n<figure class=\"wp-block-image size-large\"><img loading=\"lazy\" decoding=\"async\" width=\"312\" height=\"306\" data-id=\"182\" src=\"http:\/\/talyasystems.com\/wp-content\/uploads\/2023\/10\/Mask-group-4.jpg\" alt=\"\" class=\"wp-image-182\" srcset=\"https:\/\/talyasystems.com\/fr\/wp-content\/uploads\/sites\/2\/2023\/10\/Mask-group-4.jpg 312w, https:\/\/talyasystems.com\/fr\/wp-content\/uploads\/sites\/2\/2023\/10\/Mask-group-4-300x294.jpg 300w\" sizes=\"auto, (max-width: 312px) 100vw, 312px\" \/><figcaption class=\"wp-element-caption\">Service d&rsquo;Assemblage Sous 24 Heures Dans de Nombreux Pays d&rsquo;Europe<\/figcaption><\/figure>\n\n\n\n<figure class=\"wp-block-image size-large\"><img loading=\"lazy\" decoding=\"async\" width=\"312\" height=\"306\" data-id=\"186\" src=\"http:\/\/talyasystems.com\/wp-content\/uploads\/2023\/10\/Mask-group-8.jpg\" alt=\"\" class=\"wp-image-186\" srcset=\"https:\/\/talyasystems.com\/fr\/wp-content\/uploads\/sites\/2\/2023\/10\/Mask-group-8.jpg 312w, https:\/\/talyasystems.com\/fr\/wp-content\/uploads\/sites\/2\/2023\/10\/Mask-group-8-300x294.jpg 300w\" sizes=\"auto, (max-width: 312px) 100vw, 312px\" \/><figcaption class=\"wp-element-caption\">Visites Actives de Terrain<\/figcaption><\/figure>\n<\/figure>\n<\/section>\n","protected":false},"excerpt":{"rendered":"<p>QUI-SOMMES NOUS? Nous sommes \u00e0 votre service avec 15 ans d&rsquo;exp\u00e9rience dans le secteur. Avec 15 ans d&rsquo;\u00e9xperience dans le secteur, nous offrons des syst\u00e8mes de construction e la plus haute qualit\u00e9 \u00e0 des prix abordables. La qualit\u00e9, la livraison rapide et la satisfaction du client sont nos priorit\u00e9s en mati\u00e8re de fen\u00eatres, portes, coulissants, [&hellip;]<\/p>\n","protected":false},"author":1,"featured_media":0,"parent":0,"menu_order":0,"comment_status":"closed","ping_status":"closed","template":"","meta":{"inline_featured_image":false,"footnotes":""},"class_list":["post-131","page","type-page","status-publish","hentry"],"_links":{"self":[{"href":"https:\/\/talyasystems.com\/fr\/wp-json\/wp\/v2\/pages\/131","targetHints":{"allow":["GET"]}}],"collection":[{"href":"https:\/\/talyasystems.com\/fr\/wp-json\/wp\/v2\/pages"}],"about":[{"href":"https:\/\/talyasystems.com\/fr\/wp-json\/wp\/v2\/types\/page"}],"author":[{"embeddable":true,"href":"https:\/\/talyasystems.com\/fr\/wp-json\/wp\/v2\/users\/1"}],"replies":[{"embeddable":true,"href":"https:\/\/talyasystems.com\/fr\/wp-json\/wp\/v2\/comments?post=131"}],"version-history":[{"count":3,"href":"https:\/\/talyasystems.com\/fr\/wp-json\/wp\/v2\/pages\/131\/revisions"}],"predecessor-version":[{"id":995,"href":"https:\/\/talyasystems.com\/fr\/wp-json\/wp\/v2\/pages\/131\/revisions\/995"}],"wp:attachment":[{"href":"https:\/\/talyasystems.com\/fr\/wp-json\/wp\/v2\/media?parent=131"}],"curies":[{"name":"wp","href":"https:\/\/api.w.org\/{rel}","templated":true}]}}